{"id":1495,"date":"2021-08-09T17:07:04","date_gmt":"2021-08-09T09:07:04","guid":{"rendered":"https:\/\/chengmach.com\/?post_type=product&#038;p=1495"},"modified":"2021-08-09T17:30:44","modified_gmt":"2021-08-09T09:30:44","slug":"rodin-eternal-spring","status":"publish","type":"product","link":"https:\/\/chengmach.com\/index.php\/product\/rodin-eternal-spring\/","title":{"rendered":"Rodin Eternal Spring \u7f85\u4e39 \u6c38\u6046\u4e4b\u6625"},"content":{"rendered":"<p>CHENG&amp;MACH Q\u012bx\u00ec Valentine&#8217;s Day<\/p>\n<div id=\"jsc_c_20\" class=\"ecm0bbzt hv4rvrfc ihqw7lf3 dati1w0a\" data-ad-comet-preview=\"message\" data-ad-preview=\"message\">\n<div class=\"j83agx80 cbu4d94t ew0dbk1b irj2b8pg\">\n<div class=\"qzhwtbm6 knvmm38d\">\n<div class=\"kvgmc6g5 cxmmr5t8 oygrvhab hcukyx3x c1et5uql ii04i59q\">\n<div dir=\"auto\">\n<div id=\"jsc_c_38\" class=\"ecm0bbzt hv4rvrfc ihqw7lf3 dati1w0a\" data-ad-comet-preview=\"message\" data-ad-preview=\"message\">\n<div class=\"j83agx80 cbu4d94t ew0dbk1b irj2b8pg\">\n<div class=\"qzhwtbm6 knvmm38d\">\n<div class=\"kvgmc6g5 cxmmr5t8 oygrvhab hcukyx3x c1et5uql ii04i59q\">\n<div dir=\"auto\">C&amp;M Q\u012bx\u00ec Valentine\u2019s Day bouquet<\/div>\n<div dir=\"auto\">\u6700\u7f8e\u7684\u4e03\u5915\u82b1\u6735\u737b\u79ae<\/div>\n<div dir=\"auto\">Rodin Eternal Spring \u7f85\u4e39 \u6c38\u6046\u4e4b\u6625.<\/div>\n<\/div>\n<div class=\"o9v6fnle cxmmr5t8 oygrvhab hcukyx3x c1et5uql ii04i59q\">\n<div dir=\"auto\">\u5546\u54c1\u8cc7\u8a0a<\/div>\n<div dir=\"auto\">[\u5716\u7247\u53c3\u8003\u4f5c\u54c1\u5c3a\u5bf8\u70ba\uff2d \u4e2d\u578b\u82b1\u675f]<\/div>\n<div dir=\"auto\">[L] NTD.5000 \/\u5927\u53f0\u5317\u5730\u5340\u514d\u904b<\/div>\n<div dir=\"auto\">[M]NTD.3500<\/div>\n<div dir=\"auto\">[S] NTD.2800<\/div>\n<\/div>\n<div class=\"o9v6fnle cxmmr5t8 oygrvhab hcukyx3x c1et5uql ii04i59q\">\n<div dir=\"auto\">\u6200\u4eba\u64c1\u62b1\u7684\u72f9\u6301\u529b\u9053<\/div>\n<div dir=\"auto\">\u523b\u756b\u8457\u8f15\u67d4\u7684\u975c\u6b62\u524e\u90a3<\/div>\n<div dir=\"auto\">\u5728\u611b\u4eba\u7684\u6c23\u606f\u88e1<\/div>\n<div dir=\"auto\">\u96c6\u5408\u4e86\u6240\u6709\u751c\u871c\u7684\u82ac\u82b3<\/div>\n<div dir=\"auto\">\u91ce\u751f\u73ab\u7470\u5fae\u5f31\u5730\u5606\u606f<\/div>\n<div dir=\"auto\">\u4f6f\u88dd\u67d4\u8edf\u7684\u8907\u8449\u88e1\u85cf\u8457\u834a\u68d8\u7684\u523a<\/div>\n<div dir=\"auto\">Flame lily\u7684\u660e\u4eae\u71c3\u71d2\u6b86\u76e1\u707c\u71b1\u7099\u7130<\/div>\n<div dir=\"auto\">\u611b\u662f\u6c38\u6046\u7684\u6625\u5929\u3001<\/div>\n<div dir=\"auto\">\u662f\u5462\u5583\u81ea\u8a9e\u7684\u7d55\u7f8e\u5922\u5883<\/div>\n<div dir=\"auto\">\u662f\u6c38\u4e0d\u78e8\u6ec5\u7684\u7247\u523b\u77ac\u9593.<\/div>\n<\/div>\n<div class=\"o9v6fnle cxmmr5t8 oygrvhab hcukyx3x c1et5uql ii04i59q\">\n<div dir=\"auto\">A lovers\u2019 hug has the strength to create gentle moments to be cherished. We\u2019re all familiar with our lover\u2019s scent that contains the entire diversity of sweet flavors.<\/div>\n<div dir=\"auto\">A rose can have a delicate scent and under its soft petals and leaves it hides its thorns, which reminds us that love can also hurt. A lovers\u2019 beautiful dream can be like eternal spring poetically whispering and reminding us; that LOVE will never fade.<\/div>\n<\/div>\n<div class=\"o9v6fnle cxmmr5t8 oygrvhab hcukyx3x c1et5uql ii04i59q\">\n<div dir=\"auto\">\u4f7f\u7528\u9032\u53e3\u82b1\u6750\uff3f<\/div>\n<div dir=\"auto\">\u8377\u862d\u9b31\u91d1\u9999<\/div>\n<div dir=\"auto\">\u8377\u862d\u98db\u71d5<\/div>\n<div dir=\"auto\">\u65e5\u672c\u5c0f\u98db\u96c1<\/div>\n<div dir=\"auto\">\u8ffd\u98a8\u8349<\/div>\n<div dir=\"auto\">\u9cf6\u5c3e\u82b1<\/div>\n<div dir=\"auto\">\u5ead\u5712\u73ab\u7470<\/div>\n<div dir=\"auto\">\u5f7c\u5cb8\u82b1<\/div>\n<div dir=\"auto\">\u7279\u9078\u5609\u862d<\/div>\n<div dir=\"auto\">\u7279\u9078\u897f\u6d0b\u6854\u6897<\/div>\n<\/div>\n<div class=\"o9v6fnle cxmmr5t8 oygrvhab hcukyx3x c1et5uql ii04i59q\">\n<div dir=\"auto\">\u5730\u5740:\u5927\u5b89\u5340\u5fa9\u8208\u5357\u8def\u4e00\u6bb5340\u5df78\u865f \u6574\u68df .<\/div>\n<div dir=\"auto\">\u806f\u7e6b\u96fb\u8a7102-23258387<\/div>\n<\/div>\n<\/div>\n<\/div>\n<\/div>\n<\/div>\n<\/div>\n<\/div>\n<\/div>\n<\/div>\n<div class=\"text_exposed_show\">\n<p>&nbsp;<\/p>\n<\/div>\n","protected":false},"excerpt":{"rendered":"<p>CHENG&amp;MACH Q\u012bx\u00ec Valentine&#8217;s Day C&amp;M Q\u012bx\u00ec Valentine\u2019s Day bouquet \u6700\u7f8e\u7684\u4e03\u5915\u82b1\u6735\u737b\u79ae Rodin Eternal Spring \u7f85\u4e39 \u6c38\u6046\u4e4b\u6625. \u5546\u54c1\u8cc7\u8a0a [\u5716\u7247\u53c3\u8003\u4f5c\u54c1\u5c3a\u5bf8\u70ba\uff2d \u4e2d\u578b\u82b1\u675f] [L] NTD.5000 \/\u5927\u53f0\u5317\u5730\u5340\u514d\u904b [M]NTD.3500 [S] NTD.2800 \u6200\u4eba\u64c1\u62b1\u7684\u72f9\u6301\u529b\u9053 \u523b\u756b\u8457\u8f15\u67d4\u7684\u975c\u6b62\u524e\u90a3 \u5728\u611b\u4eba\u7684\u6c23\u606f\u88e1 \u96c6\u5408\u4e86\u6240\u6709\u751c\u871c\u7684\u82ac\u82b3 \u91ce\u751f\u73ab\u7470\u5fae\u5f31\u5730\u5606\u606f \u4f6f\u88dd\u67d4\u8edf\u7684\u8907\u8449\u88e1\u85cf\u8457\u834a\u68d8\u7684\u523a Flame lily\u7684\u660e\u4eae\u71c3\u71d2\u6b86\u76e1\u707c\u71b1\u7099\u7130 \u611b\u662f\u6c38\u6046\u7684\u6625\u5929\u3001 \u662f\u5462\u5583\u81ea\u8a9e\u7684\u7d55\u7f8e\u5922\u5883 \u662f\u6c38\u4e0d\u78e8\u6ec5\u7684\u7247\u523b\u77ac\u9593. A lovers\u2019 hug has the strength to create gentle moments to be cherished. We\u2019re all familiar with our lover\u2019s scent [&hellip;]<\/p>\n","protected":false},"featured_media":1482,"comment_status":"open","ping_status":"closed","template":"","meta":{"_et_pb_use_builder":"off","_et_pb_old_content":"<p>CHENG&MACH \u70ba\u60a8\u737b\u4e0a\u60c5\u4eba\u7bc0\u82b1\u79ae\u7cfb\u5217<\/p><p>\u6eff\u6eff\u4e00\u675f\u7684\u7279\u9078\u9032\u53e3\u65b0\u8272\u7070\u7c89\u7070\u7d2b\u8272\u73ab\u7470,<br \/>\u8b93\u9019\u500b\u60c5\u4eba\u7bc0\u7c21\u55ae\u4e00\u9ede!! \u7528\u6700\u7f8e\u6700\u9ad8\u7d1a\u7684\u9032\u53e3\u73ab\u7470\u82b1\u5728\u60c5\u4eba\u7bc0\u5e6b\u60a8\u8aaa\u611b.<\/p><p>____________________________________________________<br \/>\u7279\u9078\u9032\u53e3\u73ab\u7470\u82b1\u675f\u5c3a\u5bf8\uff3f<br \/>S_ NT.1600 \u7d0410\u6735<br \/>M_ NT.2600 \u7d0420\u6735<br \/>L_ NT.3600 \u7d0435\u6735<\/p><p>*\u4e5f\u53ef\u5b89\u6392\u5169\u8272\u7d9c\u5408\u8272\u82b1\u675f<\/p><p>\u5927\u53f0\u5317\u5747\u63d0\u4f9b\u7576\u65e5\u5feb\u905e\u670d\u52d9!!<br \/>\u5feb\u905e\u8cbb\u7528\u53e6\u8a08<\/p>","_et_gb_content_width":"","inline_featured_image":false},"product_cat":[20],"product_tag":[27],"_links":{"self":[{"href":"https:\/\/chengmach.com\/index.php\/wp-json\/wp\/v2\/product\/1495"}],"collection":[{"href":"https:\/\/chengmach.com\/index.php\/wp-json\/wp\/v2\/product"}],"about":[{"href":"https:\/\/chengmach.com\/index.php\/wp-json\/wp\/v2\/types\/product"}],"replies":[{"embeddable":true,"href":"https:\/\/chengmach.com\/index.php\/wp-json\/wp\/v2\/comments?post=1495"}],"wp:featuredmedia":[{"embeddable":true,"href":"https:\/\/chengmach.com\/index.php\/wp-json\/wp\/v2\/media\/1482"}],"wp:attachment":[{"href":"https:\/\/chengmach.com\/index.php\/wp-json\/wp\/v2\/media?parent=1495"}],"wp:term":[{"taxonomy":"product_cat","embeddable":true,"href":"https:\/\/chengmach.com\/index.php\/wp-json\/wp\/v2\/product_cat?post=1495"},{"taxonomy":"product_tag","embeddable":true,"href":"https:\/\/chengmach.com\/index.php\/wp-json\/wp\/v2\/product_tag?post=1495"}],"curies":[{"name":"wp","href":"https:\/\/api.w.org\/{rel}","templated":true}]}}