{"id":1490,"date":"2021-08-09T16:57:47","date_gmt":"2021-08-09T08:57:47","guid":{"rendered":"https:\/\/chengmach.com\/?post_type=product&#038;p=1490"},"modified":"2021-08-09T17:30:46","modified_gmt":"2021-08-09T09:30:46","slug":"de-delphinium-bleu","status":"publish","type":"product","link":"https:\/\/chengmach.com\/index.php\/product\/de-delphinium-bleu\/","title":{"rendered":"de Delphinium bleu"},"content":{"rendered":"<p>CHENG&amp;MACH Q\u012bx\u00ec Valentine&#8217;s Day<\/p>\n<div id=\"jsc_c_20\" class=\"ecm0bbzt hv4rvrfc ihqw7lf3 dati1w0a\" data-ad-comet-preview=\"message\" data-ad-preview=\"message\">\n<div class=\"j83agx80 cbu4d94t ew0dbk1b irj2b8pg\">\n<div class=\"qzhwtbm6 knvmm38d\">\n<div class=\"kvgmc6g5 cxmmr5t8 oygrvhab hcukyx3x c1et5uql ii04i59q\">\n<div dir=\"auto\">C&amp;M Q\u012bx\u00ec Valentine\u2019s Day collections<\/div>\n<\/div>\n<div class=\"o9v6fnle cxmmr5t8 oygrvhab hcukyx3x c1et5uql ii04i59q\">\n<div dir=\"auto\">bouquet de Delphinium bleu.<\/div>\n<\/div>\n<div class=\"o9v6fnle cxmmr5t8 oygrvhab hcukyx3x c1et5uql ii04i59q\">\n<div dir=\"auto\">\u5546\u54c1\u8cc7\u8a0a<\/div>\n<div dir=\"auto\">[\u5716\u7247\u53c3\u8003\u4f5c\u54c1\u5c3a\u5bf8\u70ba\uff2d \u4e2d\u578b\u82b1\u675f]<\/div>\n<div dir=\"auto\">[L] NTD.6000 \/\u5927\u53f0\u5317\u5730\u5340\u514d\u904b<\/div>\n<div dir=\"auto\">[M]NTD.4500<\/div>\n<div dir=\"auto\">[S] NTD.3500<\/div>\n<\/div>\n<\/div>\n<\/div>\n<\/div>\n<div class=\"text_exposed_show\">\n<p>&nbsp;<\/p>\n<\/div>\n","protected":false},"excerpt":{"rendered":"<p>CHENG&amp;MACH Q\u012bx\u00ec Valentine&#8217;s Day C&amp;M Q\u012bx\u00ec Valentine\u2019s Day collections bouquet de Delphinium bleu. \u5546\u54c1\u8cc7\u8a0a [\u5716\u7247\u53c3\u8003\u4f5c\u54c1\u5c3a\u5bf8\u70ba\uff2d \u4e2d\u578b\u82b1\u675f] [L] NTD.6000 \/\u5927\u53f0\u5317\u5730\u5340\u514d\u904b [M]NTD.4500 [S] NTD.3500 &nbsp;<\/p>\n","protected":false},"featured_media":1489,"comment_status":"open","ping_status":"closed","template":"","meta":{"_et_pb_use_builder":"off","_et_pb_old_content":"<p>CHENG&MACH \u70ba\u60a8\u737b\u4e0a\u60c5\u4eba\u7bc0\u82b1\u79ae\u7cfb\u5217<\/p><p>\u6eff\u6eff\u4e00\u675f\u7684\u7279\u9078\u9032\u53e3\u65b0\u8272\u7070\u7c89\u7070\u7d2b\u8272\u73ab\u7470,<br \/>\u8b93\u9019\u500b\u60c5\u4eba\u7bc0\u7c21\u55ae\u4e00\u9ede!! \u7528\u6700\u7f8e\u6700\u9ad8\u7d1a\u7684\u9032\u53e3\u73ab\u7470\u82b1\u5728\u60c5\u4eba\u7bc0\u5e6b\u60a8\u8aaa\u611b.<\/p><p>____________________________________________________<br \/>\u7279\u9078\u9032\u53e3\u73ab\u7470\u82b1\u675f\u5c3a\u5bf8\uff3f<br \/>S_ NT.1600 \u7d0410\u6735<br \/>M_ NT.2600 \u7d0420\u6735<br \/>L_ NT.3600 \u7d0435\u6735<\/p><p>*\u4e5f\u53ef\u5b89\u6392\u5169\u8272\u7d9c\u5408\u8272\u82b1\u675f<\/p><p>\u5927\u53f0\u5317\u5747\u63d0\u4f9b\u7576\u65e5\u5feb\u905e\u670d\u52d9!!<br \/>\u5feb\u905e\u8cbb\u7528\u53e6\u8a08<\/p>","_et_gb_content_width":"","inline_featured_image":false},"product_cat":[20],"product_tag":[27],"_links":{"self":[{"href":"https:\/\/chengmach.com\/index.php\/wp-json\/wp\/v2\/product\/1490"}],"collection":[{"href":"https:\/\/chengmach.com\/index.php\/wp-json\/wp\/v2\/product"}],"about":[{"href":"https:\/\/chengmach.com\/index.php\/wp-json\/wp\/v2\/types\/product"}],"replies":[{"embeddable":true,"href":"https:\/\/chengmach.com\/index.php\/wp-json\/wp\/v2\/comments?post=1490"}],"wp:featuredmedia":[{"embeddable":true,"href":"https:\/\/chengmach.com\/index.php\/wp-json\/wp\/v2\/media\/1489"}],"wp:attachment":[{"href":"https:\/\/chengmach.com\/index.php\/wp-json\/wp\/v2\/media?parent=1490"}],"wp:term":[{"taxonomy":"product_cat","embeddable":true,"href":"https:\/\/chengmach.com\/index.php\/wp-json\/wp\/v2\/product_cat?post=1490"},{"taxonomy":"product_tag","embeddable":true,"href":"https:\/\/chengmach.com\/index.php\/wp-json\/wp\/v2\/product_tag?post=1490"}],"curies":[{"name":"wp","href":"https:\/\/api.w.org\/{rel}","templated":true}]}}